{"id":24452,"date":"2023-04-04T20:16:53","date_gmt":"2023-04-04T20:16:53","guid":{"rendered":"https:\/\/www.leonorsilva-jewellery.com\/2023\/?page_id=24452"},"modified":"2023-04-04T20:30:10","modified_gmt":"2023-04-04T20:30:10","slug":"ohmy-god-i-cant-resist","status":"publish","type":"page","link":"https:\/\/www.leonorsilva-jewellery.com\/pt\/collections\/ohmy-god-i-cant-resist\/","title":{"rendered":"Oh\u2026My God! I Can\u2019t Resist"},"content":{"rendered":"<section class=\"wpb-content-wrapper\"><p>[vc_row full_width=&#8221;stretch_row_content&#8221; content_placement=&#8221;middle&#8221; bg_type=&#8221;bg_color&#8221; bg_color_value=&#8221;#f9f9f9&#8243; el_class=&#8221;topcolection&#8221;][vc_column][vc_single_image alignment=&#8221;center&#8221; image=&#8221;24453&#8243;][\/vc_column][\/vc_row][vc_row full_width=&#8221;stretch_row&#8221; gap=&#8221;35&#8243; bg_type=&#8221;image&#8221; bg_image_new=&#8221;23907&#8243; bg_image_repeat=&#8221;no-repeat&#8221; bg_image_size=&#8221;initial&#8221; bg_image_posiiton=&#8221;0&#8243; css=&#8221;.vc_custom_1680638300243{margin-bottom: 100px !important;}&#8221;][vc_column width=&#8221;1\/2&#8243;]<h1 class=\"boc_heading titcolection al_right  boc_subheading \"  style=\"margin-bottom: 20px;margin-top: 0px;color: #c6c6c6;font-size: 68px;\"><span>Oh\u2026 My God! I Can\u2019t Resist \u2013 the collections<\/span><\/h1>[\/vc_column][vc_column width=&#8221;1\/2&#8243; css=&#8221;.vc_custom_1680640148492{padding-top: 120px !important;}&#8221; el_class=&#8221;coldescription&#8221;][vc_column_text]Joias que nos despertam para a forma como somos manipulados pelos estere\u00f3tipos de beleza. A influ\u00eancia das bonecas na defini\u00e7\u00e3o dos padr\u00f5es de beleza e perfei\u00e7\u00e3o feminina ao longo do nosso crescimento. Como resistir a isto?<\/p>\n<p>Cabides, roupas, mostru\u00e1rios de tecidos e c\u00f3digos de barras, d\u00e3o corpo a joias cheias de cor, exuber\u00e2ncia e excentricidade.<br \/>\nPregadeiras, colares, an\u00e9is e brincos, constituem uma cole\u00e7\u00e3o de joalharia de autor, ir\u00f3nica e surpreendente onde prata e ouro \u00e9 combinada com tecidos, plumas, cabedal, entre outros materiais.[\/vc_column_text][\/vc_column][\/vc_row][vc_row full_width=&#8221;stretch_row_content_no_spaces&#8221; css=&#8221;.vc_custom_1677579710302{margin-top: 70px !important;}&#8221;][vc_column]\n\t\t\t\t<div class=\"info_block\">\n\t\t\t\t\t<div class=\"portfolio_carousel_holder  \">\n\t\t\t\t\t\t<div id=\"portfolio_carousel_1121\" style=\"opacity:0;\">\t<div class=\"info_item  boc_owl_lazy\">\n\t\t\t\t\t\t\t\t\t\t<a href=\"https:\/\/www.leonorsilva-jewellery.com\/pt\/portfolio_item\/earrings-fabric-showcase\/\" class=\"pic_info_link_type1\">\n\t\t\t\t\t\t\t\t\t\t\t<div class=\"pic_info type1\">\n\t\t\t\t\t\t\t\t\t\t\t\t<div class=\"pic \"><div class=\"plus_overlay\"><\/div><div class=\"plus_overlay_icon\"><\/div><img loading=\"lazy\" decoding=\"async\" width=\"600\" height=\"380\" src=\"https:\/\/www.leonorsilva-jewellery.com\/wp-content\/uploads\/2023\/04\/Earrings-Fabric-Showcase-600x380.jpg\" class=\"attachment-boc_medium size-boc_medium wp-post-image\" alt=\"\" \/><div class=\"img_overlay_icon\"><span class=\"portfolio_icon icon_camera\"><\/span><\/div><\/div>\n\t\t\t\t\t\t\t\t\t\t\t\t<div class=\"info_overlay\">\n\t\t\t\t\t\t\t\t\t\t\t\t\t<div class=\"info_overlay_padding\">\n\t\t\t\t\t\t\t\t\t\t\t\t\t\t<div class=\"info_desc\">\n\t\t\t\t\t\t\t\t\t\t\t\t\t\t\t<span class=\"portfolio_icon icon_camera\"><\/span>\n\t\t\t\t\t\t\t\t\t\t\t\t\t\t\t<h3>Brincos Mostru\u00e1rio de Tecidos<\/h3>\n\t\t\t\t\t\t\t\t\t\t\t\t\t\t\t<p>Oh\u2026 My God! I Can\u2019t Resist<\/p>\n\t\t\t\t\t\t\t\t\t\t\t\t\t\t<\/div>\n\t\t\t\t\t\t\t\t\t\t\t\t\t<\/div>\n\t\t\t\t\t\t\t\t\t\t\t\t<\/div>\n\t\t\t\t\t\t\t\t\t\t\t<\/div>\n\t\t\t\t\t\t\t\t\t\t<\/a>\n\t\t\t\t\t\t\t\t\t<\/div>\n\t\t\t\t\t\t\t\t\t<div class=\"info_item  boc_owl_lazy\">\n\t\t\t\t\t\t\t\t\t\t<a href=\"https:\/\/www.leonorsilva-jewellery.com\/pt\/portfolio_item\/tall-clothes-hanger-ring\/\" class=\"pic_info_link_type1\">\n\t\t\t\t\t\t\t\t\t\t\t<div class=\"pic_info type1\">\n\t\t\t\t\t\t\t\t\t\t\t\t<div class=\"pic \"><div class=\"plus_overlay\"><\/div><div class=\"plus_overlay_icon\"><\/div><img loading=\"lazy\" decoding=\"async\" width=\"600\" height=\"380\" src=\"https:\/\/www.leonorsilva-jewellery.com\/wp-content\/uploads\/2023\/04\/Tall-Clothes-Hanger-Ring-600x380.jpg\" class=\"attachment-boc_medium size-boc_medium wp-post-image\" alt=\"\" \/><div class=\"img_overlay_icon\"><span class=\"portfolio_icon icon_camera\"><\/span><\/div><\/div>\n\t\t\t\t\t\t\t\t\t\t\t\t<div class=\"info_overlay\">\n\t\t\t\t\t\t\t\t\t\t\t\t\t<div class=\"info_overlay_padding\">\n\t\t\t\t\t\t\t\t\t\t\t\t\t\t<div class=\"info_desc\">\n\t\t\t\t\t\t\t\t\t\t\t\t\t\t\t<span class=\"portfolio_icon icon_camera\"><\/span>\n\t\t\t\t\t\t\t\t\t\t\t\t\t\t\t<h3>An\u00e9is Cabide Alto<\/h3>\n\t\t\t\t\t\t\t\t\t\t\t\t\t\t\t<p>Oh\u2026 My God! I Can\u2019t Resist<\/p>\n\t\t\t\t\t\t\t\t\t\t\t\t\t\t<\/div>\n\t\t\t\t\t\t\t\t\t\t\t\t\t<\/div>\n\t\t\t\t\t\t\t\t\t\t\t\t<\/div>\n\t\t\t\t\t\t\t\t\t\t\t<\/div>\n\t\t\t\t\t\t\t\t\t\t<\/a>\n\t\t\t\t\t\t\t\t\t<\/div>\n\t\t\t\t\t\t\t\t\t<div class=\"info_item  boc_owl_lazy\">\n\t\t\t\t\t\t\t\t\t\t<a href=\"https:\/\/www.leonorsilva-jewellery.com\/pt\/portfolio_item\/single-hanger-necklace\/\" class=\"pic_info_link_type1\">\n\t\t\t\t\t\t\t\t\t\t\t<div class=\"pic_info type1\">\n\t\t\t\t\t\t\t\t\t\t\t\t<div class=\"pic \"><div class=\"plus_overlay\"><\/div><div class=\"plus_overlay_icon\"><\/div><img loading=\"lazy\" decoding=\"async\" width=\"600\" height=\"380\" src=\"https:\/\/www.leonorsilva-jewellery.com\/wp-content\/uploads\/2023\/04\/Single-Hanger-Necklace-600x380.jpg\" class=\"attachment-boc_medium size-boc_medium wp-post-image\" alt=\"\" \/><div class=\"img_overlay_icon\"><span class=\"portfolio_icon icon_camera\"><\/span><\/div><\/div>\n\t\t\t\t\t\t\t\t\t\t\t\t<div class=\"info_overlay\">\n\t\t\t\t\t\t\t\t\t\t\t\t\t<div class=\"info_overlay_padding\">\n\t\t\t\t\t\t\t\t\t\t\t\t\t\t<div class=\"info_desc\">\n\t\t\t\t\t\t\t\t\t\t\t\t\t\t\t<span class=\"portfolio_icon icon_camera\"><\/span>\n\t\t\t\t\t\t\t\t\t\t\t\t\t\t\t<h3>Colar de Cabide \u00danico<\/h3>\n\t\t\t\t\t\t\t\t\t\t\t\t\t\t\t<p>Oh\u2026 My God! I Can\u2019t Resist<\/p>\n\t\t\t\t\t\t\t\t\t\t\t\t\t\t<\/div>\n\t\t\t\t\t\t\t\t\t\t\t\t\t<\/div>\n\t\t\t\t\t\t\t\t\t\t\t\t<\/div>\n\t\t\t\t\t\t\t\t\t\t\t<\/div>\n\t\t\t\t\t\t\t\t\t\t<\/a>\n\t\t\t\t\t\t\t\t\t<\/div>\n\t\t\t\t\t\t\t\t\t<div class=\"info_item  boc_owl_lazy\">\n\t\t\t\t\t\t\t\t\t\t<a href=\"https:\/\/www.leonorsilva-jewellery.com\/pt\/portfolio_item\/brooch-cabide-de-boneca\/\" class=\"pic_info_link_type1\">\n\t\t\t\t\t\t\t\t\t\t\t<div class=\"pic_info type1\">\n\t\t\t\t\t\t\t\t\t\t\t\t<div class=\"pic \"><div class=\"plus_overlay\"><\/div><div class=\"plus_overlay_icon\"><\/div><img loading=\"lazy\" decoding=\"async\" width=\"600\" height=\"380\" src=\"https:\/\/www.leonorsilva-jewellery.com\/wp-content\/uploads\/2023\/04\/pregadeira-600x380.jpg\" class=\"attachment-boc_medium size-boc_medium wp-post-image\" alt=\"\" \/><div class=\"img_overlay_icon\"><span class=\"portfolio_icon icon_camera\"><\/span><\/div><\/div>\n\t\t\t\t\t\t\t\t\t\t\t\t<div class=\"info_overlay\">\n\t\t\t\t\t\t\t\t\t\t\t\t\t<div class=\"info_overlay_padding\">\n\t\t\t\t\t\t\t\t\t\t\t\t\t\t<div class=\"info_desc\">\n\t\t\t\t\t\t\t\t\t\t\t\t\t\t\t<span class=\"portfolio_icon icon_camera\"><\/span>\n\t\t\t\t\t\t\t\t\t\t\t\t\t\t\t<h3>Pregadeira Cabide de Boneca<\/h3>\n\t\t\t\t\t\t\t\t\t\t\t\t\t\t\t<p>Oh\u2026 My God! I Can\u2019t Resist<\/p>\n\t\t\t\t\t\t\t\t\t\t\t\t\t\t<\/div>\n\t\t\t\t\t\t\t\t\t\t\t\t\t<\/div>\n\t\t\t\t\t\t\t\t\t\t\t\t<\/div>\n\t\t\t\t\t\t\t\t\t\t\t<\/div>\n\t\t\t\t\t\t\t\t\t\t<\/a>\n\t\t\t\t\t\t\t\t\t<\/div>\n\t\t\t\t\t\t\t\t\n\t\t\t\t\t\t<\/div>\n\t\t\t\t\t<\/div>\n\t\t\t\t<\/div>\n\n\t\t\t\t<div class=\"h10 clear\"><\/div>\n\t\t\t\t\t\t\t\n\t\t\t\t\t\t\t<!-- Portfolio Carousel -->\n\t\t\t\t\t\t\t<script type=\"text\/javascript\">\n\t\t\t\t\t\t\t\t\t\t\n\t\t\t\t\t\t\t\tjQuery(document).ready(function($) {\t\t\t\n\n\t\t\t\t\t\t\t\t\t\/\/ Load carousel after its images are loaded\n\t\t\t\t\t\t\t\t\tpreloadImages($(\"#portfolio_carousel_1121 img\"), function () {\n\t\t\t\t\t\t\t\t\t\n\t\t\t\t\t\t\t\t\t\tvar carousel = $(\"#portfolio_carousel_1121\");\n\t\t\t\t\t\t\t\t\t\t\n\t\t\t\t\t\t\t\t\t\tvar args = {\n\t\t\t\t\t\t\t\t\t\t\t\titems: \t\t\t\t4,\n\t\t\t\t\t\t\t\t\t\t\t\tautoplay:\t\t\ttrue,\n\t\t\t\t\t\t\t\t\t\t\t\tautoplayTimeout:\t4000,\n\t\t\t\t\t\t\t\t\t\t\t\tloop: \t\t\t\ttrue,\n\t\t\t\t\t\t\t\t\t\t\t\tnav: \t\t\t\ttrue,\n\t\t\t\t\t\t\t\t\t\t\t\tdots: \t\t\t\tfalse,\n\t\t\t\t\t\t\t\t\t\t\t\tautoHeight: \t\tfalse,\n\t\t\t\t\t\t\t\t\t\t\t\tsmartSpeed:\t\t\t250,\n\t\t\t\t\t\t\t\t\t\t\t\tnavText:\t\t\t[\"<span class='icon icon-arrow-left7'><\/span>\",\"<span class='icon icon-arrow-right7'><\/span>\"],\n\t\t\t\t\t\t\t\t\t\t\t\tslideBy: \t\t\t1,\n\n\t\t\t\t\t\t\t\t\t\t\t\tnavRewind: false,\n\t\t\t\t\t\t\t\t\t\t\t\trtl: \t\t\t\tfalse,\n\t\t\t\t\t\t\t\t\t\t\t\tmargin:30,\n\t\t\t\t\t\t\t\t\t\t\t\tresponsive:{\n\t\t\t\t\t\t\t\t\t\t\t\t\t0:{\n\t\t\t\t\t\t\t\t\t\t\t\t\t  items:1,\n\t\t\t\t\t\t\t\t\t\t\t\t\t},\n\t\t\t\t\t\t\t\t\t\t\t\t\t480:{\n\t\t\t\t\t\t\t\t\t\t\t\t\t  items:1,\n\t\t\t\t\t\t\t\t\t\t\t\t\t  margin:20,\n\t\t\t\t\t\t\t\t\t\t\t\t\t},\n\t\t\t\t\t\t\t\t\t\t\t\t\t769:{\n\t\t\t\t\t\t\t\t\t\t\t\t\t  items:4\n\t\t\t\t\t\t\t\t\t\t\t\t\t}\n\t\t\t\t\t\t\t\t\t\t\t\t},\n\t\t\t\t\t\t\t\t\t\t\t\tonInitialized:  showCarousel_1121\n\t\t\t\t\t\t\t\t\t\t}\n\t\t\t\t\t\t\t\t\t\t\n\t\t\t\t\t\t\t\t\t\tcarousel.owlCarousel(args);\n\n\t\t\t\t\t\t\t\t\t\tvar initital_width = carousel.css(\"width\");\t\t\n\t\t\t\t\t\t\t\t\t\t\n\t\t\t\t\t\t\t\t\t\t\/* Refresh it for full width rows *\/\n\t\t\t\t\t\t\t\t\t\t$(window).load(function(){\n\t\t\t\t\t\t\t\t\t\t\tif(carousel.css(\"width\") != initital_width) {\n\t\t\t\t\t\t\t\t\t\t\t\tcarousel.trigger(\"destroy.owl.carousel\").removeClass(\"owl-carousel owl-loaded\");\n\t\t\t\t\t\t\t\t\t\t\t\tcarousel.find(\".owl-stage-outer\").children().unwrap();\n\t\t\t\t\t\t\t\t\t\t\t\tcarousel.owlCarousel(args);\n\t\t\t\t\t\t\t\t\t\t\t}\n\t\t\t\t\t\t\t\t\t\t});\n\t\t\t\t\t\t\t\t\t});\n\t\t\t\t\t\t\t\t\t\n\t\t\t\t\t\t\t\t\t\n\t\t\t\t\t\t\t\t\t\/* Show after initialized *\/\n\t\t\t\t\t\t\t\t\tfunction showCarousel_1121() {\n\t\t\t\t\t\t\t\t\t\t$(\"#portfolio_carousel_1121\").fadeTo(0,1);\n\t\t\t\t\t\t\t\t\t\t$(\"#portfolio_carousel_1121 .owl-item .boc_owl_lazy\").css(\"opacity\",\"1\");\n\t\t\t\t\t\t\t\t\t}\n\n\t\t\t\t\t\t\t\t});\n\t\t\t\t\t\t\t\t\n\t\t\t\t\t\t\t<\/script>\n\t\t\t\t\t\t\t<!-- Portfolio Carousel :: END -->[\/vc_column][\/vc_row]<\/p>\n<\/section>","protected":false},"excerpt":{"rendered":"<p>[vc_row full_width=&#8221;stretch_row_content&#8221; content_placement=&#8221;middle&#8221; bg_type=&#8221;bg_color&#8221; bg_color_value=&#8221;#f9f9f9&#8243; el_class=&#8221;topcolection&#8221;][vc_column][vc_single_image alignment=&#8221;center&#8221; image=&#8221;24453&#8243;][\/vc_column][\/vc_row][vc_row full_width=&#8221;stretch_row&#8221; gap=&#8221;35&#8243; bg_type=&#8221;image&#8221; bg_image_new=&#8221;23907&#8243; bg_image_repeat=&#8221;no-repeat&#8221; bg_image_size=&#8221;initial&#8221; bg_image_posiiton=&#8221;0&#8243; css=&#8221;.vc_custom_1680638300243{margin-bottom: 100px !important;}&#8221;][vc_column width=&#8221;1\/2&#8243;][\/vc_column][vc_column width=&#8221;1\/2&#8243; css=&#8221;.vc_custom_1680640148492{padding-top: 120px !important;}&#8221; el_class=&#8221;coldescription&#8221;][vc_column_text]Joias que nos despertam para a forma como somos manipulados pelos estere\u00f3tipos de beleza. A influ\u00eancia das bonecas na defini\u00e7\u00e3o dos padr\u00f5es de beleza e perfei\u00e7\u00e3o feminina ao longo do nosso crescimento. Como resistir a isto? Cabides,<\/p>\n<div class=\"h10\"><\/div>\n<p><a class=\"more-link1\" href=\"https:\/\/www.leonorsilva-jewellery.com\/pt\/portfolio_item\/brooch-cabide-de-boneca\/\">Ler mais<\/a><\/p>\n","protected":false},"author":1,"featured_media":0,"parent":24118,"menu_order":7,"comment_status":"closed","ping_status":"closed","template":"","meta":{"footnotes":""},"class_list":["post-24452","page","type-page","status-publish","hentry"],"translation":{"provider":"WPGlobus","version":"2.10.10","language":"pt","enabled_languages":["en","pt"],"languages":{"en":{"title":true,"content":true,"excerpt":false},"pt":{"title":true,"content":true,"excerpt":false}}},"yoast_head":"<!-- This site is optimized with the Yoast SEO plugin v20.8 - https:\/\/yoast.com\/wordpress\/plugins\/seo\/ -->\n<title>Oh\u2026My God! I Can\u2019t Resist - Leonor Silva<\/title>\n<meta name=\"robots\" content=\"index, follow, max-snippet:-1, max-image-preview:large, max-video-preview:-1\" \/>\n<link rel=\"canonical\" href=\"https:\/\/www.leonorsilva-jewellery.com\/collections\/ohmy-god-i-cant-resist\/\" \/>\n<meta property=\"og:locale\" content=\"pt_PT\" \/>\n<meta property=\"og:type\" content=\"article\" \/>\n<meta property=\"og:title\" content=\"Oh\u2026My God! I Can\u2019t Resist - Leonor Silva\" \/>\n<meta property=\"og:url\" content=\"https:\/\/www.leonorsilva-jewellery.com\/collections\/ohmy-god-i-cant-resist\/\" \/>\n<meta property=\"og:site_name\" content=\"Leonor Silva\" \/>\n<meta property=\"article:modified_time\" content=\"2023-04-04T20:30:10+00:00\" \/>\n<meta name=\"twitter:card\" content=\"summary_large_image\" \/>\n<meta name=\"twitter:label1\" content=\"Tempo estimado de leitura\" \/>\n\t<meta name=\"twitter:data1\" content=\"2 minutos\" \/>\n<script type=\"application\/ld+json\" class=\"yoast-schema-graph\">{\"@context\":\"https:\/\/schema.org\",\"@graph\":[{\"@type\":\"WebPage\",\"@id\":\"https:\/\/www.leonorsilva-jewellery.com\/collections\/ohmy-god-i-cant-resist\/\",\"url\":\"https:\/\/www.leonorsilva-jewellery.com\/collections\/ohmy-god-i-cant-resist\/\",\"name\":\"Oh\u2026My God! I Can\u2019t Resist - Leonor Silva\",\"isPartOf\":{\"@id\":\"https:\/\/www.leonorsilva-jewellery.com\/#website\"},\"datePublished\":\"2023-04-04T20:16:53+00:00\",\"dateModified\":\"2023-04-04T20:30:10+00:00\",\"breadcrumb\":{\"@id\":\"https:\/\/www.leonorsilva-jewellery.com\/collections\/ohmy-god-i-cant-resist\/#breadcrumb\"},\"inLanguage\":\"pt-PT\",\"potentialAction\":[{\"@type\":\"ReadAction\",\"target\":[\"https:\/\/www.leonorsilva-jewellery.com\/collections\/ohmy-god-i-cant-resist\/\"]}]},{\"@type\":\"BreadcrumbList\",\"@id\":\"https:\/\/www.leonorsilva-jewellery.com\/collections\/ohmy-god-i-cant-resist\/#breadcrumb\",\"itemListElement\":[{\"@type\":\"ListItem\",\"position\":1,\"name\":\"In\u00edcio\",\"item\":\"https:\/\/www.leonorsilva-jewellery.com\/\"},{\"@type\":\"ListItem\",\"position\":2,\"name\":\"COLLECTIONS\",\"item\":\"https:\/\/www.leonorsilva-jewellery.com\/collections\/\"},{\"@type\":\"ListItem\",\"position\":3,\"name\":\"Oh\u2026My God! I Can\u2019t Resist\"}]},{\"@type\":\"WebSite\",\"@id\":\"https:\/\/www.leonorsilva-jewellery.com\/#website\",\"url\":\"https:\/\/www.leonorsilva-jewellery.com\/\",\"name\":\"Leonor Silva\",\"description\":\"jewellery\",\"publisher\":{\"@id\":\"https:\/\/www.leonorsilva-jewellery.com\/#organization\"},\"potentialAction\":[{\"@type\":\"SearchAction\",\"target\":{\"@type\":\"EntryPoint\",\"urlTemplate\":\"https:\/\/www.leonorsilva-jewellery.com\/?s={search_term_string}\"},\"query-input\":\"required name=search_term_string\"}],\"inLanguage\":\"pt-PT\"},{\"@type\":\"Organization\",\"@id\":\"https:\/\/www.leonorsilva-jewellery.com\/#organization\",\"name\":\"Leonor Silva\",\"url\":\"https:\/\/www.leonorsilva-jewellery.com\/\",\"logo\":{\"@type\":\"ImageObject\",\"inLanguage\":\"pt-PT\",\"@id\":\"https:\/\/www.leonorsilva-jewellery.com\/#\/schema\/logo\/image\/\",\"url\":\"https:\/\/www.leonorsilva-jewellery.com\/wp-content\/uploads\/2023\/02\/leonorsilva-1.png\",\"contentUrl\":\"https:\/\/www.leonorsilva-jewellery.com\/wp-content\/uploads\/2023\/02\/leonorsilva-1.png\",\"width\":577,\"height\":190,\"caption\":\"Leonor Silva\"},\"image\":{\"@id\":\"https:\/\/www.leonorsilva-jewellery.com\/#\/schema\/logo\/image\/\"}}]}<\/script>\n<!-- \/ Yoast SEO plugin. -->","yoast_head_json":{"title":"Oh\u2026My God! I Can\u2019t Resist - Leonor Silva","robots":{"index":"index","follow":"follow","max-snippet":"max-snippet:-1","max-image-preview":"max-image-preview:large","max-video-preview":"max-video-preview:-1"},"canonical":"https:\/\/www.leonorsilva-jewellery.com\/collections\/ohmy-god-i-cant-resist\/","og_locale":"pt_PT","og_type":"article","og_title":"Oh\u2026My God! I Can\u2019t Resist - Leonor Silva","og_url":"https:\/\/www.leonorsilva-jewellery.com\/collections\/ohmy-god-i-cant-resist\/","og_site_name":"Leonor Silva","article_modified_time":"2023-04-04T20:30:10+00:00","twitter_card":"summary_large_image","twitter_misc":{"Tempo estimado de leitura":"2 minutos"},"schema":{"@context":"https:\/\/schema.org","@graph":[{"@type":"WebPage","@id":"https:\/\/www.leonorsilva-jewellery.com\/collections\/ohmy-god-i-cant-resist\/","url":"https:\/\/www.leonorsilva-jewellery.com\/collections\/ohmy-god-i-cant-resist\/","name":"Oh\u2026My God! I Can\u2019t Resist - Leonor Silva","isPartOf":{"@id":"https:\/\/www.leonorsilva-jewellery.com\/#website"},"datePublished":"2023-04-04T20:16:53+00:00","dateModified":"2023-04-04T20:30:10+00:00","breadcrumb":{"@id":"https:\/\/www.leonorsilva-jewellery.com\/collections\/ohmy-god-i-cant-resist\/#breadcrumb"},"inLanguage":"pt-PT","potentialAction":[{"@type":"ReadAction","target":["https:\/\/www.leonorsilva-jewellery.com\/collections\/ohmy-god-i-cant-resist\/"]}]},{"@type":"BreadcrumbList","@id":"https:\/\/www.leonorsilva-jewellery.com\/collections\/ohmy-god-i-cant-resist\/#breadcrumb","itemListElement":[{"@type":"ListItem","position":1,"name":"In\u00edcio","item":"https:\/\/www.leonorsilva-jewellery.com\/"},{"@type":"ListItem","position":2,"name":"COLLECTIONS","item":"https:\/\/www.leonorsilva-jewellery.com\/collections\/"},{"@type":"ListItem","position":3,"name":"Oh\u2026My God! I Can\u2019t Resist"}]},{"@type":"WebSite","@id":"https:\/\/www.leonorsilva-jewellery.com\/#website","url":"https:\/\/www.leonorsilva-jewellery.com\/","name":"Leonor Silva","description":"jewellery","publisher":{"@id":"https:\/\/www.leonorsilva-jewellery.com\/#organization"},"potentialAction":[{"@type":"SearchAction","target":{"@type":"EntryPoint","urlTemplate":"https:\/\/www.leonorsilva-jewellery.com\/?s={search_term_string}"},"query-input":"required name=search_term_string"}],"inLanguage":"pt-PT"},{"@type":"Organization","@id":"https:\/\/www.leonorsilva-jewellery.com\/#organization","name":"Leonor Silva","url":"https:\/\/www.leonorsilva-jewellery.com\/","logo":{"@type":"ImageObject","inLanguage":"pt-PT","@id":"https:\/\/www.leonorsilva-jewellery.com\/#\/schema\/logo\/image\/","url":"https:\/\/www.leonorsilva-jewellery.com\/wp-content\/uploads\/2023\/02\/leonorsilva-1.png","contentUrl":"https:\/\/www.leonorsilva-jewellery.com\/wp-content\/uploads\/2023\/02\/leonorsilva-1.png","width":577,"height":190,"caption":"Leonor Silva"},"image":{"@id":"https:\/\/www.leonorsilva-jewellery.com\/#\/schema\/logo\/image\/"}}]}},"_links":{"self":[{"href":"https:\/\/www.leonorsilva-jewellery.com\/pt\/wp-json\/wp\/v2\/pages\/24452","targetHints":{"allow":["GET"]}}],"collection":[{"href":"https:\/\/www.leonorsilva-jewellery.com\/pt\/wp-json\/wp\/v2\/pages"}],"about":[{"href":"https:\/\/www.leonorsilva-jewellery.com\/pt\/wp-json\/wp\/v2\/types\/page"}],"author":[{"embeddable":true,"href":"https:\/\/www.leonorsilva-jewellery.com\/pt\/wp-json\/wp\/v2\/users\/1"}],"replies":[{"embeddable":true,"href":"https:\/\/www.leonorsilva-jewellery.com\/pt\/wp-json\/wp\/v2\/comments?post=24452"}],"version-history":[{"count":5,"href":"https:\/\/www.leonorsilva-jewellery.com\/pt\/wp-json\/wp\/v2\/pages\/24452\/revisions"}],"predecessor-version":[{"id":24477,"href":"https:\/\/www.leonorsilva-jewellery.com\/pt\/wp-json\/wp\/v2\/pages\/24452\/revisions\/24477"}],"up":[{"embeddable":true,"href":"https:\/\/www.leonorsilva-jewellery.com\/pt\/wp-json\/wp\/v2\/pages\/24118"}],"wp:attachment":[{"href":"https:\/\/www.leonorsilva-jewellery.com\/pt\/wp-json\/wp\/v2\/media?parent=24452"}],"curies":[{"name":"wp","href":"https:\/\/api.w.org\/{rel}","templated":true}]}}